{"id":1280,"date":"2025-03-14T11:41:52","date_gmt":"2025-03-14T10:41:52","guid":{"rendered":"https:\/\/kulturlandretten.at\/?page_id=1280"},"modified":"2025-03-21T17:14:54","modified_gmt":"2025-03-21T16:14:54","slug":"datenschutz","status":"publish","type":"page","link":"https:\/\/kulturlandretten.at\/en\/datenschutz\/","title":{"rendered":"Datenschutzerkl\u00e4rung"},"content":{"rendered":"Welche Daten wir erfassen und wie wir damit sicher umgehen, wollen wir Ihnen offen und nachvollziehbar erkl\u00e4ren. Als gemeinn\u00fctziger Verein mit Sitz in \u00d6sterreich unterliegt die Kulturplattform Ober\u00f6sterreich (KUPF O\u00d6) dabei dem <a href=\"https:\/\/www.ris.bka.gv.at\/GeltendeFassung.wxe?Abfrage=bundesnormen&amp;Gesetzesnummer=10001597\">Datenschutzgesetz<\/a>.\r\n<h3 id=\"server-in-deutschland-und-verschl\u00fcsselte-uebertragung\">Server in \u00d6sterreich und verschl\u00fcsselte \u00dcbertragung<\/h3>\r\nIhre Daten werden auf Servern in \u00d6sterreich beim gemeinn\u00fctzigen Hoster <a href=\"https:\/\/servus.at\">servus.at<\/a> gespeichert. Die Daten\u00fcbertragung zu unseren Servern wird durchgehend mit SSL sicher verschl\u00fcsselt.\r\n<h3>Welche personenbezogenen Daten erfassen wir? Wie erfassen wir die Daten?<\/h3>\r\n<ul>\r\n \t<li>Name, Anschrift<\/li>\r\n \t<li>E-Mail-Adresse<\/li>\r\n \t<li>IP-Adresse<\/li>\r\n \t<li>Unterschrift der Petition<\/li>\r\n<\/ul>\r\n<h3 id=\"wie-verwenden-wir-ihre-daten\">Wie verwenden wir ihre Daten?<\/h3>\r\n<ul>\r\n \t<li>Wir verwenden Ihre Anschrift und ermitteln daraus die zugeordneten Verwaltungsebenen und Wahlkreis-Bezirke auf allen Ebenen.<\/li>\r\n \t<li>Wir stellen \u00f6ffentliche Unterschriften mit Name und Ort dar. Bei anonymisierten Unterschriften stellen k\u00fcrzen wir den Nachnamen auf ein Zeichen ab.<\/li>\r\n \t<li>Wir zeigen die Unterschriftenverteilung auf geografischen Karten mit der maximalen Aufl\u00f6sung der Postleitzahlenbezirke.<\/li>\r\n \t<li>Wir kontaktieren Unterst\u00fctzerInnen, um sie \u00fcber den Fortschritt der Kampagne zu informieren.<\/li>\r\n \t<li>Wir senden Ihnen Newsletter \u00fcber die weitere Arbeit der KUPF O\u00d6 zu (sofern Sie dem zugestimmt haben).<\/li>\r\n \t<li>Wir legen die gesammelte Unterschriftenliste nach Ende der Kampagne dem Land O\u00d6 vor.<\/li>\r\n<\/ul>\r\n<h3 id=\"wer-kann-was-von-ihren-daten-sehen-und-wie-lange\">Wer kann was von Ihren Daten sehen und wie lange?<\/h3>\r\n<ul>\r\n \t<li>Unterschreiber: Als Unterschreiber muss der vollst\u00e4ndige Namen, Anschrift sowie eine g\u00fcltige E-Mail-Adresse angeben werden. Vom Unterschreiber ist nur der Name und der Ort \u00f6ffentlich auf der Webseite und f\u00fcr Suchmaschinen sichtbar. Ein Jahr nach Abschluss der Petition wird der Name der Unterschreiber auf der Webseite anonymisiert.<\/li>\r\n \t<li>Unterst\u00fctzerdaten von anonymen Unterschriften sind zu keinem Zeitpunkt \u00f6ffentlich auf der Webseite oder f\u00fcr Suchmaschinen sichtbar.<\/li>\r\n \t<li>Stellungnahmen (&#8220;Statements&#8221;) sind mit Namen des Mandatstr\u00e4gers, Name der Fraktion\/Partei\/Organisation und einem Bild \u00f6ffentlich auf der Webseite und f\u00fcr Suchmaschinen sichtbar.<\/li>\r\n<\/ul>\r\n<h3 id=\"wie-koennen-sie-ueber-ihre-daten-bestimmen\">Wie k\u00f6nnen Sie \u00fcber Ihre Daten bestimmen?<\/h3>\r\n<ul>\r\n \t<li>Wenn Sie eine E-Mail-Adresse angegeben haben, k\u00f6nnen Sie sich einen Best\u00e4tigungslink zuschicken lassen. Best\u00e4tigen Sie Ihre E-Mail-Adresse werden Sie zu einem best\u00e4tigten Unterst\u00fctzer.<\/li>\r\n \t<li>Sie k\u00f6nnen ihre Unterschrift widerrufen, wenn sie per E-Mail an uns wenden.<\/li>\r\n<\/ul>\r\n<h3 id=\"e-mail-double-opt-in\">E-Mail Double-Opt-in<\/h3>\r\nWir versenden Newsletter und andere E-Mails nur an Menschen, die dem Empfang aktiv zugestimmt haben. Wir \u00fcberpr\u00fcfen jede gespeicherte E-Mail-Adresse durch ein sogenanntes Double-Opt-in-Verfahren. Dazu senden wir Ihnen eine Best\u00e4tigungsmail. Erst wenn Sie den darin enthaltenen Best\u00e4tigungslink aktiviert haben, nutzen wir die E-Mail-Adresse zur weiteren Kommunikation mit Ihnen. So stellen wir wirkungsvoll sicher, dass wir nicht ungefragt E-Mails an Menschen verschicken.\r\n<h3 id=\"youtube\">YouTube<\/h3>\r\nWir binden auf unseren Seiten Videos ein, die auf der Plattform YouTube abrufbar sind (Embedded Content). Es handelt sich bei YouTube um einen Dienst der YouTube LLC, einer Tochter von Google Inc. Es gelten die <a title=\"zu den Datenschutzbestimmungen von Google\" href=\"https:\/\/www.google.de\/privacy.html\" target=\"_blank\" rel=\"noopener\">Datenschutzbestimmungen von Google<\/a>.\r\n\r\nEine Zuordnung von Informationen zu Ihrer Person ist jedoch m\u00f6glich, wenn Sie bei YouTube oder einem anderen Dienst von Google angemeldet sind. Wenn Sie dies nicht w\u00fcnschen, melden Sie sich bitte von Ihrem Google-Konto ab, bevor Sie ein eingebundenes Video zum Abspielen anklicken.\r\n<h3 id=\"cookies\">Cookies<\/h3>\r\nCookies sind kleine Dateien, die auf der Festplatte eines Besuchers abgelegt werden. Sie erlauben es, Informationen \u00fcber einen bestimmten Zeitraum vorzuhalten und den Computer des Besuchers zu identifizieren. Zur besseren Benutzerf\u00fchrung setzen wir permanente Cookies ein. Ferner verwenden wir Session-Cookies, die automatisch gel\u00f6scht werden, wenn Sie Ihren Browser schlie\u00dfen. Sie k\u00f6nnen Ihren Browser so einstellen, dass er Sie \u00fcber die Platzierung von Cookies informiert.\r\n\r\nMozilla Firefox: <a href=\"https:\/\/support.mozilla.org\/de\/kb\/cookies-erlauben-und-ablehnen\">https:\/\/support.mozilla.org\/de\/kb\/cookies-erlauben-und-ablehnen<\/a>\r\nGoogle Chrome: <a href=\"https:\/\/support.google.com\/chrome\/answer\/95647\">https:\/\/support.google.com\/chrome\/answer\/95647<\/a>\r\nInternet Explorer: <a href=\"https:\/\/support.microsoft.com\/de-de\/help\/17442\/windows-internet-explorer-delete-manage-cookies\">https:\/\/support.microsoft.com\/de-de\/help\/17442\/windows-internet-explorer-delete-manage-cookies<\/a>\r\n\r\nSo wird der Gebrauch von Cookies f\u00fcr Sie transparent.\r\n<h3 id=\"statistiktools\">StatistikTools<\/h3>\r\nUnsere Webseite verwendet den Webanalysedienst <a href=\"https:\/\/wordpress.com\/\">WordPress.com<\/a>. Mit Hilfe von Cookies werden Nutzungsinformationen (einschlie\u00dflich Ihrer IP-Adresse) an unseren Server \u00fcbertragen. Dies dient der Webseitenoptimierung und der Erfassung von Zugriffsstatistiken unsererseits.\r\n<h3 id=\"auskunftspflicht\">Auskunftspflicht<\/h3>\r\nAuf richterliche Anordnung der zust\u00e4ndigen Stellen m\u00fcssen wir im Einzelfall Auskunft \u00fcber personenbezogene Daten erteilen, soweit dies f\u00fcr Zwecke der Strafverfolgung, zur Gefahrenabwehr oder zur Durchsetzung der Rechte am geistigen Eigentum erforderlich ist.\r\n<h3 id=\"server-logfiles\">Server-Logfiles<\/h3>\r\nBei jedem Seitenaufruf der Website werden Browser-Informationen der Besucher automatisch an uns weitergeleitet. Dazu geh\u00f6ren Angaben zu Browser-Typ, Betriebssystem, IP-Adresse, Uhrzeit und zuvor besuchte Seiten (Referrer). Diese Daten werden nicht bestimmten Personen zugeordnet. Die Logfiles werden statistisch ausgewertet und helfen den fehlerfreien Betrieb der Seiten sicherzustellen.\r\n<h3 id=\"gueltigkeitsbereich\">G\u00fcltigkeitsbereich<\/h3>\r\nDiese Datenschutzerkl\u00e4rung gilt f\u00fcr alle Inhalte auf unseren Seiten kulturlandretten.at und kupf.at. Sie umfasst nicht die auf unserer Seite verlinkten Webseiten. Neue technische Entwicklungen und Entwicklungen im Internet machen von Zeit zu Zeit Anpassungen oder Erg\u00e4nzungen der Datenschutzrichtlinien erforderlich. Sie werden an dieser Stelle \u00fcber die Neuerungen informiert.\r\n\r\nFalls Sie noch weitere Fragen zum Thema Datenschutz haben, beantworten wir diese nat\u00fcrlich gerne. Bitte verwenden Sie dazu die Kontaktdaten im <a href=\"https:\/\/kulturlandretten.at\/impressum\/\">Impressum<\/a>.\r\n<p style=\"text-align: center\"><a href=\"https:\/\/kulturlandretten.at\">Zur\u00fcck zur Startseite<\/a><\/p>","protected":false},"excerpt":{"rendered":"<p>Welche Daten wir erfassen und wie wir damit sicher umgehen, wollen wir Ihnen offen und nachvollziehbar erkl\u00e4ren. Als gemeinn\u00fctziger Verein mit Sitz in \u00d6sterreich unterliegt die Kulturplattform Ober\u00f6sterreich (KUPF O\u00d6) &#8230;<\/p>\n","protected":false},"author":1,"featured_media":0,"parent":0,"menu_order":0,"comment_status":"closed","ping_status":"closed","template":"","meta":{"footnotes":""},"class_list":["post-1280","page","type-page","status-publish","hentry"],"_links":{"self":[{"href":"https:\/\/kulturlandretten.at\/en\/wp-json\/wp\/v2\/pages\/1280","targetHints":{"allow":["GET"]}}],"collection":[{"href":"https:\/\/kulturlandretten.at\/en\/wp-json\/wp\/v2\/pages"}],"about":[{"href":"https:\/\/kulturlandretten.at\/en\/wp-json\/wp\/v2\/types\/page"}],"author":[{"embeddable":true,"href":"https:\/\/kulturlandretten.at\/en\/wp-json\/wp\/v2\/users\/1"}],"replies":[{"embeddable":true,"href":"https:\/\/kulturlandretten.at\/en\/wp-json\/wp\/v2\/comments?post=1280"}],"version-history":[{"count":5,"href":"https:\/\/kulturlandretten.at\/en\/wp-json\/wp\/v2\/pages\/1280\/revisions"}],"predecessor-version":[{"id":1539,"href":"https:\/\/kulturlandretten.at\/en\/wp-json\/wp\/v2\/pages\/1280\/revisions\/1539"}],"wp:attachment":[{"href":"https:\/\/kulturlandretten.at\/en\/wp-json\/wp\/v2\/media?parent=1280"}],"curies":[{"name":"wp","href":"https:\/\/api.w.org\/{rel}","templated":true}]}}